{"id":62,"date":"2021-12-02T15:43:03","date_gmt":"2021-12-02T14:43:03","guid":{"rendered":"https:\/\/sapoworld.net\/?page_id=62"},"modified":"2022-03-29T16:00:34","modified_gmt":"2022-03-29T14:00:34","slug":"matos","status":"publish","type":"page","link":"http:\/\/sapoworld.net\/index.php\/matos\/","title":{"rendered":"MATOS"},"content":{"rendered":"<div id=\"pl-62\"  class=\"panel-layout\" ><div id=\"pg-62-0\"  class=\"panel-grid panel-no-style\" ><div id=\"pgc-62-0-0\"  class=\"panel-grid-cell\" ><div id=\"panel-62-0-0-0\" class=\"so-panel widget widget_sow-editor panel-first-child panel-last-child\" data-index=\"0\" ><div\n\t\t\t\n\t\t\tclass=\"so-widget-sow-editor so-widget-sow-editor-base\"\n\t\t\t\n\t\t>\n<div class=\"siteorigin-widget-tinymce textwidget\">\n\t<p><!-- wp:heading --><\/p>\n<h2>SETUP JEUX ET STREAMING<\/h2>\n<p><!-- \/wp:heading --><\/p>\n<ul>\n<li>P\u00e9riph\u00e9riques<\/li>\n<\/ul>\n<p><!-- wp:paragraph --><\/p>\n<p><!-- \/wp:paragraph --><!-- wp:group --><\/p>\n<div class=\"wp-block-group\"><!-- wp:html --> <a href=\"https:\/\/www.amazon.fr\/gp\/product\/B08NF7V9HR\/ref=as_li_tl?ie=UTF8&amp;camp=1642&amp;creative=6746&amp;creativeASIN=B08NF7V9HR&amp;linkCode=as2&amp;tag=sapoworld-21&amp;linkId=c9142fd01396f68ff2fb76aa20475507\" target=\"_blank\" rel=\"noopener\">Ecran Alienware AW3821DW incurv\u00e9 38\"<\/a> <!-- \/wp:html --><\/div>\n<p><!-- \/wp:group --><!-- wp:group --><\/p>\n<div class=\"wp-block-group\"><!-- wp:html --> <a href=\"https:\/\/www.amazon.fr\/gp\/product\/B07MKT2BNB\/ref=as_li_tl?ie=UTF8&amp;camp=1642&amp;creative=6746&amp;creativeASIN=B07MKT2BNB&amp;linkCode=as2&amp;tag=sapoworld-21&amp;linkId=7489fb40fe7a82a01f92a8a7fc5bb885\" target=\"_blank\" rel=\"noopener\">Ecran LG UltraFine 27\" UHD 4K<\/a> <!-- \/wp:html --><\/div>\n<p><!-- \/wp:group --><!-- wp:group --><\/p>\n<div class=\"wp-block-group\"><!-- wp:html --> <a href=\"https:\/\/www.sonovente.com\/motu-m4-p69437.html?_mak_partner_id=448&amp;_mak_partner_data=s%7C%7Cc%7C482145721431%7Cmotu%20m4%7Ce%7C&amp;_mak_partner_campaign=G%2FSRC%2FFR%2Ffr%2FProducts-Refs%2FOK%2F_MEGA%20BEST%20NEW&amp;gclid=Cj0KCQiA-qGNBhD3ARIsAO_o7yneJHQCuLQzMoxs_wuepFa0oJckwj1xaSWNWZ3Ph0_TgULKFVJIwq4aAlqcEALw_wcB\" target=\"_blank\" rel=\"noopener\">Carte son externe MOTU M4<\/a> <!-- \/wp:html --><\/div>\n<p><!-- \/wp:group --><!-- wp:group --><\/p>\n<div class=\"wp-block-group\"><!-- wp:html --> <a href=\"https:\/\/www.amazon.fr\/gp\/product\/B074RMLG1D\/ref=as_li_tl?ie=UTF8&amp;camp=1642&amp;creative=6746&amp;creativeASIN=B074RMLG1D&amp;linkCode=as2&amp;tag=sapoworld-21&amp;linkId=436fe1319bfdc792e62f5c258d701574\" target=\"_blank\" rel=\"noopener\">Paire de moniteurs Yamaha HS7W (Blanc)<\/a> <!-- \/wp:html --><\/div>\n<p><!-- \/wp:group --><!-- wp:group --><\/p>\n<div class=\"wp-block-group\"><!-- wp:html --> <a href=\"https:\/\/www.amazon.fr\/gp\/product\/B07QGGBNMN\/ref=as_li_tl?ie=UTF8&amp;camp=1642&amp;creative=6746&amp;creativeASIN=B07QGGBNMN&amp;linkCode=as2&amp;tag=sapoworld-21&amp;linkId=fc6912869a22b0b505ac27e8d6814cef\" target=\"_blank\" rel=\"noopener\">R\u00d8DE Wireless Go<\/a> <!-- \/wp:html --><\/div>\n<p><!-- \/wp:group --><!-- wp:group --><\/p>\n<div class=\"wp-block-group\">\n<p><!-- wp:html --> <a href=\"https:\/\/www.amazon.fr\/gp\/product\/B07WM65GTF\/ref=as_li_tl?ie=UTF8&amp;camp=1642&amp;creative=6746&amp;creativeASIN=B07WM65GTF&amp;linkCode=as2&amp;tag=sapoworld-21&amp;linkId=c672adc23362a77b52966309f33165ca\" target=\"_blank\" rel=\"noopener\">Microphone R\u00d8DE Lavalier GO<\/a><\/p>\n<div class=\"wp-block-group\"><a href=\"https:\/\/amzn.to\/3No5KjY\">Casque Steelseries Arctis Pro Wireless<\/a><\/div>\n<p><!-- \/wp:html --><\/p>\n<\/div>\n<p><!-- \/wp:group --><!-- wp:group --><\/p>\n<div class=\"wp-block-group\"><!-- wp:html --> <a href=\"https:\/\/www.amazon.fr\/gp\/product\/B0761YL588\/ref=as_li_tl?ie=UTF8&amp;camp=1642&amp;creative=6746&amp;creativeASIN=B0761YL588&amp;linkCode=as2&amp;tag=sapoworld-21&amp;linkId=4b99b3d07e0df2ff6df9d3122743f9b9\" target=\"_blank\" rel=\"noopener\">Souris Logitech MX Master<\/a> <!-- \/wp:html --><\/div>\n<p><!-- \/wp:group --><!-- wp:group --><\/p>\n<div class=\"wp-block-group\"><!-- wp:html --> <a href=\"https:\/\/www.amazon.fr\/gp\/product\/B07SF1RCYF\/ref=as_li_tl?ie=UTF8&amp;camp=1642&amp;creative=6746&amp;creativeASIN=B07SF1RCYF&amp;linkCode=as2&amp;tag=sapoworld-21&amp;linkId=8860b3ebe4232a5f7abc0bff89b15b02\" target=\"_blank\" rel=\"noopener\"> Souris Gamer sans Fil Logitech G903<\/a> <!-- \/wp:html --><\/div>\n<p><!-- \/wp:group --><!-- wp:group --><\/p>\n<div class=\"wp-block-group\"><!-- wp:html --> <a href=\"https:\/\/www.amazon.fr\/gp\/product\/B08HMZ97HQ\/ref=as_li_tl?ie=UTF8&amp;camp=1642&amp;creative=6746&amp;creativeASIN=B08HMZ97HQ&amp;linkCode=as2&amp;tag=sapoworld-21&amp;linkId=484f16c143f93da4d6b3d5daa74016e7\" target=\"_blank\" rel=\"noopener\">Clavier de jeu Roccat Vulcan TKL<\/a> <!-- \/wp:html --><\/div>\n<p><!-- \/wp:group --><!-- wp:group --><\/p>\n<div class=\"wp-block-group\"><!-- wp:html --> <a href=\"https:\/\/www.amazon.fr\/gp\/product\/B08QDQK9GL\/ref=as_li_tl?ie=UTF8&amp;camp=1642&amp;creative=6746&amp;creativeASIN=B08QDQK9GL&amp;linkCode=as2&amp;tag=sapoworld-21&amp;linkId=5d8fd3c69cecf7f479edaaa02992c4c9\" target=\"_blank\" rel=\"noopener\">Oculus Quest 2 - 128 Go<\/a> <!-- \/wp:html --><\/div>\n<p><!-- \/wp:group --><!-- wp:group --><\/p>\n<div class=\"wp-block-group\"><!-- wp:html --> <a href=\"https:\/\/www.amazon.fr\/gp\/product\/B07W1X93HW\/ref=as_li_tl?ie=UTF8&amp;camp=1642&amp;creative=6746&amp;creativeASIN=B07W1X93HW&amp;linkCode=as2&amp;tag=sapoworld-21&amp;linkId=c797b7537bcc26cd2ff08a9d9b798e41\" target=\"_blank\" rel=\"noopener\">WebCam 1080p AVerMedia <\/a> <!-- \/wp:html --><\/div>\n<p><!-- \/wp:group --><!-- wp:group --><\/p>\n<div class=\"wp-block-group\"><!-- wp:html --> <a href=\"https:\/\/scufgaming.com\/fr\/xbox-instinct-pro-controller\" target=\"_blank\" rel=\"noopener\">Manette SCUF Instinct Pro<\/a> <!-- \/wp:html --><\/div>\n<p><!-- \/wp:group --><!-- wp:group --><\/p>\n<div class=\"wp-block-group\"><!-- wp:html --> <a href=\"https:\/\/www.amazon.fr\/gp\/product\/B07SR4R8K1\/ref=as_li_tl?ie=UTF8&amp;camp=1642&amp;creative=6746&amp;creativeASIN=B07SR4R8K1&amp;linkCode=as2&amp;tag=sapoworld-21&amp;linkId=89c7f2f657817e148e1cae5451f92ec7\" target=\"_blank\" rel=\"noopener\">Manette Xbox Elite S\u00e9rie 2<\/a> <!-- \/wp:html --><\/div>\n<p><!-- \/wp:group --><\/p>\n<ul>\n<li>Composants PC<\/li>\n<\/ul>\n<p><!-- wp:paragraph --><\/p>\n<p><!-- \/wp:paragraph --><!-- wp:group --><\/p>\n<div class=\"wp-block-group\"><!-- wp:html --> <a href=\"https:\/\/www.amazon.fr\/gp\/product\/B07TQVK1HJ\/ref=as_li_tl?ie=UTF8&amp;camp=1642&amp;creative=6746&amp;creativeASIN=B07TQVK1HJ&amp;linkCode=as2&amp;tag=sapoworld-21&amp;linkId=238a429227acb3ee2638c104b97c0012\" target=\"_blank\" rel=\"noopener\">Carte M\u00e8re ASUS Gaming ROG Strix X570-E Gaming<\/a> <!-- \/wp:html --><\/div>\n<p><!-- \/wp:group --><!-- wp:group --><\/p>\n<div class=\"wp-block-group\"><!-- wp:html --> <a href=\"https:\/\/www.amazon.fr\/gp\/product\/B08MB4YPK3\/ref=as_li_tl?ie=UTF8&amp;camp=1642&amp;creative=6746&amp;creativeASIN=B08MB4YPK3&amp;linkCode=as2&amp;tag=sapoworld-21&amp;linkId=9fa98ea9e81e88bd5a9da603c2733e92\" target=\"_blank\" rel=\"noopener\">NZXT Kraken Z53 240 mm<\/a> <!-- \/wp:html --><\/div>\n<p><!-- \/wp:group --><!-- wp:group --><\/p>\n<div class=\"wp-block-group\"><!-- wp:html --> <a href=\"https:\/\/www.amazon.fr\/gp\/product\/B08164VTWH\/ref=as_li_tl?ie=UTF8&amp;camp=1642&amp;creative=6746&amp;creativeASIN=B08164VTWH&amp;linkCode=as2&amp;tag=sapoworld-21&amp;linkId=de0b175ba80ccd0584aae46bf69e3ff3\" target=\"_blank\" rel=\"noopener\">Processeur AMD Ryzen 9 5900X<\/a> <!-- \/wp:html --><\/div>\n<p><!-- \/wp:group --><!-- wp:group --><\/p>\n<div class=\"wp-block-group\"><!-- wp:html --> <a href=\"https:\/\/www.amazon.fr\/gp\/product\/B08SQPH9JC\/ref=as_li_tl?ie=UTF8&amp;camp=1642&amp;creative=6746&amp;creativeASIN=B08SQPH9JC&amp;linkCode=as2&amp;tag=sapoworld-21&amp;linkId=7b80d0a44f90b3ea42bcf0f0641e568d\" target=\"_blank\" rel=\"noopener\">RAM Corsair Vengeance RGB Pro (Blanc)<\/a> <!-- \/wp:html --><\/div>\n<p><!-- \/wp:group --><!-- wp:group --><\/p>\n<div class=\"wp-block-group\"><!-- wp:html --> <a href=\"https:\/\/www.ldlc.com\/fiche\/PB00374837.html\" target=\"_blank\" rel=\"noopener\">Carte graphique EVGA RTX 3090 FTW3 ULTRA<\/a> <!-- \/wp:html --><\/div>\n<p><!-- \/wp:group --><!-- wp:group --><\/p>\n<div class=\"wp-block-group\"><!-- wp:html --> <a href=\"https:\/\/www.amazon.fr\/gp\/product\/B07T2SFPKH\/ref=as_li_tl?ie=UTF8&amp;camp=1642&amp;creative=6746&amp;creativeASIN=B07T2SFPKH&amp;linkCode=as2&amp;tag=sapoworld-21&amp;linkId=6521bc955efcd820f4e94a77c1229b06\" target=\"_blank\" rel=\"noopener\">Bo\u00eetier PC Gaming Moyenne Tour ATX Corsair Crystal 570X<\/a> <!-- \/wp:html --><\/div>\n<p><!-- \/wp:group --><!-- wp:group --><\/p>\n<div class=\"wp-block-group\"><!-- wp:html --> <a href=\"https:\/\/www.amazon.fr\/gp\/product\/B07GY4ZCQT\/ref=as_li_tl?ie=UTF8&amp;camp=1642&amp;creative=6746&amp;creativeASIN=B07GY4ZCQT&amp;linkCode=as2&amp;tag=sapoworld-21&amp;linkId=db9db5ceee308a2ef27da4c4807c94ce\" target=\"_blank\" rel=\"noopener\">Alimentation PC Corsair RM850x (Blanc)<\/a> <!-- \/wp:html --><\/div>\n<p><!-- \/wp:group --><!-- wp:group --><\/p>\n<div class=\"wp-block-group\"><!-- wp:html --> <a href=\"https:\/\/www.amazon.fr\/gp\/product\/B07M64QXMN\/ref=as_li_tl?ie=UTF8&amp;camp=1642&amp;creative=6746&amp;creativeASIN=B07M64QXMN&amp;linkCode=as2&amp;tag=sapoworld-21&amp;linkId=6283078de469b15e5f6d30f2f9eac864\" target=\"_blank\" rel=\"noopener\">Disque Dur NVME WD_BLACK 1 To<\/a> <!-- \/wp:html --><\/div>\n<p><!-- \/wp:group --><\/p>\n<ul>\n<li>Accessoires<\/li>\n<\/ul>\n<p><!-- wp:paragraph --><\/p>\n<p><!-- \/wp:paragraph --><!-- wp:group --><\/p>\n<div class=\"wp-block-group\"><!-- wp:html --> <a href=\"https:\/\/www.amazon.fr\/gp\/product\/B071LNDKBJ\/ref=as_li_tl?ie=UTF8&amp;camp=1642&amp;creative=6746&amp;creativeASIN=B071LNDKBJ&amp;linkCode=as2&amp;tag=sapoworld-21&amp;linkId=54c1794f87533591faa6b852fdd3d7ff\" target=\"_blank\" rel=\"noopener\">R\u00d8DE VXLR+<\/a> <!-- \/wp:html --><\/div>\n<p><!-- \/wp:group --><!-- wp:group --><\/p>\n<div class=\"wp-block-group\"><!-- wp:html --> <a href=\"https:\/\/www.amazon.fr\/gp\/product\/B076X1GYQ4\/ref=as_li_tl?ie=UTF8&amp;camp=1642&amp;creative=6746&amp;creativeASIN=B076X1GYQ4&amp;linkCode=as2&amp;tag=sapoworld-21&amp;linkId=1a8221ada7b677db2d2732d7c425f665\" target=\"_blank\" rel=\"noopener\">Broches Blanches upHere<\/a> <!-- \/wp:html --><\/div>\n<p><!-- \/wp:group --><!-- wp:group --><\/p>\n<div class=\"wp-block-group\"><!-- wp:html --> <a href=\"https:\/\/www.amazon.fr\/gp\/product\/B082ST9XVK\/ref=as_li_tl?ie=UTF8&amp;camp=1642&amp;creative=6746&amp;creativeASIN=B082ST9XVK&amp;linkCode=as2&amp;tag=sapoworld-21&amp;linkId=84493bdc440334dbc1b429678a319526\" target=\"_blank\" rel=\"noopener\">Support Carte Graphique RGB upHere<\/a> <!-- \/wp:html --><\/div>\n<p><!-- \/wp:group --><!-- wp:group --><\/p>\n<div class=\"wp-block-group\"><!-- wp:html --> <a href=\"https:\/\/www.amazon.fr\/gp\/product\/B07L68G8QZ\/ref=as_li_tl?ie=UTF8&amp;camp=1642&amp;creative=6746&amp;creativeASIN=B07L68G8QZ&amp;linkCode=as2&amp;tag=sapoworld-21&amp;linkId=85ca0b534b64db0d0c744f1651ea6817\" target=\"_blank\" rel=\"noopener\">Kit de d\u00e9marrage de c\u00e2bles (Blanc)<\/a> <!-- \/wp:html --><\/div>\n<p><!-- \/wp:group --><!-- wp:group --><\/p>\n<div class=\"wp-block-group\"><!-- wp:html --> <a href=\"https:\/\/www.amazon.fr\/gp\/product\/B00B69JAGY\/ref=as_li_tl?ie=UTF8&amp;camp=1642&amp;creative=6746&amp;creativeASIN=B00B69JAGY&amp;linkCode=as2&amp;tag=sapoworld-21&amp;linkId=8afdc766a1656cbaa22b07dde256b13f\" target=\"_blank\" rel=\"noopener\">Cable d'extension manchonn\u00e9 (Blanc)<\/a> <!-- \/wp:html --><\/div>\n<p><!-- \/wp:group --><!-- wp:group --><\/p>\n<div class=\"wp-block-group\"><!-- wp:html --> <a href=\"https:\/\/www.amazon.fr\/gp\/product\/B07L687D8T\/ref=as_li_tl?ie=UTF8&amp;camp=1642&amp;creative=6746&amp;creativeASIN=B07L687D8T&amp;linkCode=as2&amp;tag=sapoworld-21&amp;linkId=12f2debf3d520d5ced7ead069410d103\" target=\"_blank\" rel=\"noopener\">C\u00e2ble SATA gain\u00e9 (Blanc)<\/a> <!-- \/wp:html --><\/div>\n<p><!-- \/wp:group --><!-- wp:group --><\/p>\n<div class=\"wp-block-group\"><!-- wp:html --> <a href=\"https:\/\/www.amazon.fr\/gp\/product\/B007YFWUDO\/ref=as_li_tl?ie=UTF8&amp;camp=1642&amp;creative=6746&amp;creativeASIN=B007YFWUDO&amp;linkCode=as2&amp;tag=sapoworld-21&amp;linkId=22753b915ee87624e2979a70634ab930\" target=\"_blank\" rel=\"noopener\">Plaque absorbante Adam Hall<\/a> <!-- \/wp:html --><\/div>\n<p><!-- \/wp:group --><!-- wp:group --><\/p>\n<div class=\"wp-block-group\"><!-- wp:html --> <a href=\"https:\/\/www.amazon.fr\/gp\/product\/B08JCDNKVG\/ref=as_li_tl?ie=UTF8&amp;camp=1642&amp;creative=6746&amp;creativeASIN=B08JCDNKVG&amp;linkCode=as2&amp;tag=sapoworld-21&amp;linkId=d0c781561ed2e323d0f47c18b11e400e\" target=\"_blank\" rel=\"noopener\">Support \u00c9cran PC Moniteur Bras Mural<\/a> <!-- \/wp:html --><\/div>\n<p><!-- \/wp:group --><!-- wp:group --><\/p>\n<div class=\"wp-block-group\"><!-- wp:html --> <a href=\"https:\/\/www.amazon.fr\/gp\/product\/B06XDX29HG\/ref=as_li_tl?ie=UTF8&amp;camp=1642&amp;creative=6746&amp;creativeASIN=B06XDX29HG&amp;linkCode=as2&amp;tag=sapoworld-21&amp;linkId=87c8917d5f11aad45b3d85b2ea19514a\" target=\"_blank\" rel=\"noopener\">Support d'\u00e9cran StarTech.com<\/a> <!-- \/wp:html --><\/div>\n<p><!-- \/wp:group --><!-- wp:group --><\/p>\n<div class=\"wp-block-group\"><!-- wp:html --> <a href=\"https:\/\/www.amazon.fr\/gp\/product\/B085M6N2XM\/ref=as_li_tl?ie=UTF8&amp;camp=1642&amp;creative=6746&amp;creativeASIN=B085M6N2XM&amp;linkCode=as2&amp;tag=sapoworld-21&amp;linkId=f12bfeaa538c81017449feda377353e5\" target=\"_blank\" rel=\"noopener\">Echo Dot (4e g\u00e9n\u00e9ration) avec horloge<\/a> <!-- \/wp:html --><\/div>\n<p><!-- \/wp:group --><\/p>\n<ul>\n<li>R\u00e9seau<\/li>\n<\/ul>\n<p><!-- wp:paragraph --><\/p>\n<p><!-- \/wp:paragraph --><!-- wp:group --><\/p>\n<div class=\"wp-block-group\"><!-- wp:html --> <a href=\"https:\/\/www.amazon.fr\/gp\/product\/B08CB9TJXH\/ref=as_li_tl?ie=UTF8&amp;camp=1642&amp;creative=6746&amp;creativeASIN=B08CB9TJXH&amp;linkCode=as2&amp;tag=sapoworld-21&amp;linkId=c6c493f31131baace2ef098d8ba760b4\" target=\"_blank\" rel=\"noopener\">Routeur Wifi ASUS RT-AX82U<\/a> <!-- \/wp:html --><\/div>\n<p><!-- \/wp:group --><!-- wp:group --><\/p>\n<div class=\"wp-block-group\"><!-- wp:html --> <a href=\"https:\/\/www.amazon.fr\/gp\/product\/B07TL2GRTQ\/ref=as_li_tl?ie=UTF8&amp;camp=1642&amp;creative=6746&amp;creativeASIN=B07TL2GRTQ&amp;linkCode=as2&amp;tag=sapoworld-21&amp;linkId=c15b1ff8ce54a9546196f6dd8eaef055\" target=\"_blank\" rel=\"noopener\">Routeur 4G HUAWEI B715s-23<\/a> <!-- \/wp:html --><\/div>\n<p><!-- \/wp:group --><\/p>\n<\/div>\n<\/div><\/div><\/div><\/div><\/div>","protected":false},"excerpt":{"rendered":"<p>SETUP JEUX ET STREAMING P\u00e9riph\u00e9riques Ecran Alienware AW3821DW incurv\u00e9 38&Prime; Ecran LG UltraFine 27&Prime; UHD 4K Carte son externe MOTU M4 Paire de moniteurs Yamaha HS7W (Blanc) R\u00d8DE Wireless Go Microphone R\u00d8DE Lavalier GO Casque Steelseries Arctis Pro Wireless Souris Logitech MX Master Souris Gamer sans Fil Logitech G903 Clavier de jeu Roccat Vulcan TKL [&hellip;]<\/p>\n","protected":false},"author":1,"featured_media":0,"parent":0,"menu_order":0,"comment_status":"closed","ping_status":"closed","template":"","meta":{"footnotes":""},"class_list":["post-62","page","type-page","status-publish","czr-hentry"],"_links":{"self":[{"href":"http:\/\/sapoworld.net\/index.php\/wp-json\/wp\/v2\/pages\/62","targetHints":{"allow":["GET"]}}],"collection":[{"href":"http:\/\/sapoworld.net\/index.php\/wp-json\/wp\/v2\/pages"}],"about":[{"href":"http:\/\/sapoworld.net\/index.php\/wp-json\/wp\/v2\/types\/page"}],"author":[{"embeddable":true,"href":"http:\/\/sapoworld.net\/index.php\/wp-json\/wp\/v2\/users\/1"}],"replies":[{"embeddable":true,"href":"http:\/\/sapoworld.net\/index.php\/wp-json\/wp\/v2\/comments?post=62"}],"version-history":[{"count":3,"href":"http:\/\/sapoworld.net\/index.php\/wp-json\/wp\/v2\/pages\/62\/revisions"}],"predecessor-version":[{"id":535,"href":"http:\/\/sapoworld.net\/index.php\/wp-json\/wp\/v2\/pages\/62\/revisions\/535"}],"wp:attachment":[{"href":"http:\/\/sapoworld.net\/index.php\/wp-json\/wp\/v2\/media?parent=62"}],"curies":[{"name":"wp","href":"https:\/\/api.w.org\/{rel}","templated":true}]}}